{"id":368,"date":"2020-04-26T17:03:48","date_gmt":"2020-04-26T17:03:48","guid":{"rendered":"https:\/\/www.barbara-pilates.at\/?page_id=368"},"modified":"2020-11-30T14:02:20","modified_gmt":"2020-11-30T14:02:20","slug":"haftungsausschluss","status":"publish","type":"page","link":"https:\/\/www.barbara-pilates.at\/en\/haftungsausschluss\/","title":{"rendered":"Disclaimer of liability"},"content":{"rendered":"<div data-elementor-type=\"wp-page\" data-elementor-id=\"368\" class=\"elementor elementor-368\" data-elementor-post-type=\"page\">\n\t\t\t\t\t\t<section class=\"elementor-section elementor-top-section elementor-element elementor-element-67ab680 elementor-section-height-min-height elementor-section-items-stretch elementor-section-content-middle elementor-section-boxed elementor-section-height-default\" data-id=\"67ab680\" data-element_type=\"section\" data-settings=\"{&quot;background_background&quot;:&quot;classic&quot;}\">\n\t\t\t\t\t\t<div class=\"elementor-container elementor-column-gap-no\">\n\t\t\t\t\t<div class=\"elementor-column elementor-col-100 elementor-top-column elementor-element elementor-element-4a5f842\" data-id=\"4a5f842\" data-element_type=\"column\" data-settings=\"{&quot;background_background&quot;:&quot;classic&quot;}\">\n\t\t\t<div class=\"elementor-widget-wrap elementor-element-populated\">\n\t\t\t\t\t\t<div class=\"elementor-element elementor-element-7798070 elementor-invisible elementor-widget elementor-widget-heading\" data-id=\"7798070\" data-element_type=\"widget\" data-settings=\"{&quot;_animation&quot;:&quot;fadeInUp&quot;,&quot;_animation_mobile&quot;:&quot;none&quot;}\" data-widget_type=\"heading.default\">\n\t\t\t\t<div class=\"elementor-widget-container\">\n\t\t\t\t\t<h2 class=\"elementor-heading-title elementor-size-default\">Disclaimer of liability<\/h2>\t\t\t\t<\/div>\n\t\t\t\t<\/div>\n\t\t\t\t<div class=\"elementor-element elementor-element-b9ec962 elementor-widget elementor-widget-text-editor\" data-id=\"b9ec962\" data-element_type=\"widget\" data-widget_type=\"text-editor.default\">\n\t\t\t\t<div class=\"elementor-widget-container\">\n\t\t\t\t\t\t\t\t\t<p>Datenschutz<\/p><p>Wir m\u00f6chten Sie dar\u00fcber informieren, dass Ihre Daten, unter Beachtung der geltenden nationalen und europ\u00e4ischen Datenschutzvorschriften, zur Bearbeitung Ihrer Anfragen verarbeitet und genutzt werden. Barbara Rath wahrt die Vertraulichkeit Ihrer Daten und wird sie nicht verkaufen, vermieten oder Dritten verf\u00fcgbar machen.<\/p><p>Internetdienste<\/p><p>Unsere Webseiten enthalten auch Querverweise (LINKS) zu Webseiten anderer Anbieter. F\u00fcr fremde Inhalte, die \u00fcber solche Querverweise (LINKS) erreichbar sind, ist Barbara Rath nicht verantwortlich. Das fremde Angebot wurde bei der erstmaligen Verlinkung auf rechtswidrige Inhalte \u00fcberpr\u00fcft. Erst wenn wir feststellen oder darauf hingewiesen werden, dass ein Angebot rechtswidrigen Inhalt aufweist, wird dieser Querverweis (LINK) aufgehoben, soweit dies technisch m\u00f6glich und zumutbar ist.<\/p><p>Gew\u00e4hrleistung<\/p><p>Die Informationen auf unseren Internetseiten werden mit gr\u00f6\u00dfter Sorgfalt erstellt. Barbara Rath \u00fcbernimmt jedoch keine Gew\u00e4hr f\u00fcr deren Vollst\u00e4ndigkeit oder Geeignetheit f\u00fcr bestimmte Verwendungszwecke. Die Nutzung der auf den Internetseiten zur Verf\u00fcgung gestellten Inhalte erfolgt auf alleinige Gefahr des Nutzers.<\/p><p>\u00a0<\/p><p>\u00c4nderungen vorbehalten, Stand 04\/2020<\/p>\t\t\t\t\t\t\t\t<\/div>\n\t\t\t\t<\/div>\n\t\t\t\t\t<\/div>\n\t\t<\/div>\n\t\t\t\t\t<\/div>\n\t\t<\/section>\n\t\t\t\t<\/div>","protected":false},"excerpt":{"rendered":"<p>Haftungsausschluss Datenschutz Wir m\u00f6chten Sie dar\u00fcber informieren, dass Ihre Daten, unter Beachtung der geltenden nationalen und europ\u00e4ischen Datenschutzvorschriften, zur Bearbeitung Ihrer Anfragen verarbeitet und genutzt werden. Barbara Rath wahrt die Vertraulichkeit Ihrer Daten und wird sie nicht verkaufen, vermieten oder Dritten verf\u00fcgbar machen. Internetdienste Unsere Webseiten enthalten auch Querverweise (LINKS) zu Webseiten anderer Anbieter. F\u00fcr &hellip; <\/p>\n<p class=\"link-more\"><a href=\"https:\/\/www.barbara-pilates.at\/en\/haftungsausschluss\/\" class=\"more-link\">Continue reading<span class=\"screen-reader-text\"> &#8222;Haftungsausschluss&#8220;<\/span><\/a><\/p>","protected":false},"author":1,"featured_media":0,"parent":0,"menu_order":0,"comment_status":"closed","ping_status":"closed","template":"","meta":{"footnotes":""},"class_list":["post-368","page","type-page","status-publish","hentry"],"yoast_head":"<!-- This site is optimized with the Yoast SEO plugin v26.6 - https:\/\/yoast.com\/wordpress\/plugins\/seo\/ -->\n<title>Haftungsausschluss - Barbara Rath<\/title>\n<meta name=\"robots\" content=\"index, follow, max-snippet:-1, max-image-preview:large, max-video-preview:-1\" \/>\n<link rel=\"canonical\" href=\"https:\/\/www.barbara-pilates.at\/en\/haftungsausschluss\/\" \/>\n<meta property=\"og:locale\" content=\"en_US\" \/>\n<meta property=\"og:type\" content=\"article\" \/>\n<meta property=\"og:title\" content=\"Haftungsausschluss - Barbara Rath\" \/>\n<meta property=\"og:description\" content=\"Haftungsausschluss Datenschutz Wir m\u00f6chten Sie dar\u00fcber informieren, dass Ihre Daten, unter Beachtung der geltenden nationalen und europ\u00e4ischen Datenschutzvorschriften, zur Bearbeitung Ihrer Anfragen verarbeitet und genutzt werden. Barbara Rath wahrt die Vertraulichkeit Ihrer Daten und wird sie nicht verkaufen, vermieten oder Dritten verf\u00fcgbar machen. Internetdienste Unsere Webseiten enthalten auch Querverweise (LINKS) zu Webseiten anderer Anbieter. F\u00fcr &hellip; Continue reading &quot;Haftungsausschluss&quot;\" \/>\n<meta property=\"og:url\" content=\"https:\/\/www.barbara-pilates.at\/en\/haftungsausschluss\/\" \/>\n<meta property=\"og:site_name\" content=\"Barbara Rath\" \/>\n<meta property=\"article:publisher\" content=\"https:\/\/www.facebook.com\/100088042647412\/videos\/?_rdr\" \/>\n<meta property=\"article:modified_time\" content=\"2020-11-30T14:02:20+00:00\" \/>\n<meta name=\"twitter:card\" content=\"summary_large_image\" \/>\n<meta name=\"twitter:label1\" content=\"Est. reading time\" \/>\n\t<meta name=\"twitter:data1\" content=\"1 minute\" \/>\n<script type=\"application\/ld+json\" class=\"yoast-schema-graph\">{\"@context\":\"https:\/\/schema.org\",\"@graph\":[{\"@type\":\"WebPage\",\"@id\":\"https:\/\/www.barbara-pilates.at\/haftungsausschluss\/\",\"url\":\"https:\/\/www.barbara-pilates.at\/haftungsausschluss\/\",\"name\":\"Haftungsausschluss - Barbara Rath\",\"isPartOf\":{\"@id\":\"https:\/\/www.barbara-pilates.at\/#website\"},\"datePublished\":\"2020-04-26T17:03:48+00:00\",\"dateModified\":\"2020-11-30T14:02:20+00:00\",\"breadcrumb\":{\"@id\":\"https:\/\/www.barbara-pilates.at\/haftungsausschluss\/#breadcrumb\"},\"inLanguage\":\"en-US\",\"potentialAction\":[{\"@type\":\"ReadAction\",\"target\":[\"https:\/\/www.barbara-pilates.at\/haftungsausschluss\/\"]}]},{\"@type\":\"BreadcrumbList\",\"@id\":\"https:\/\/www.barbara-pilates.at\/haftungsausschluss\/#breadcrumb\",\"itemListElement\":[{\"@type\":\"ListItem\",\"position\":1,\"name\":\"Startseite\",\"item\":\"https:\/\/www.barbara-pilates.at\/\"},{\"@type\":\"ListItem\",\"position\":2,\"name\":\"Haftungsausschluss\"}]},{\"@type\":\"WebSite\",\"@id\":\"https:\/\/www.barbara-pilates.at\/#website\",\"url\":\"https:\/\/www.barbara-pilates.at\/\",\"name\":\"Barbara Rath Pilates\",\"description\":\"Pilates\",\"publisher\":{\"@id\":\"https:\/\/www.barbara-pilates.at\/#organization\"},\"potentialAction\":[{\"@type\":\"SearchAction\",\"target\":{\"@type\":\"EntryPoint\",\"urlTemplate\":\"https:\/\/www.barbara-pilates.at\/?s={search_term_string}\"},\"query-input\":{\"@type\":\"PropertyValueSpecification\",\"valueRequired\":true,\"valueName\":\"search_term_string\"}}],\"inLanguage\":\"en-US\"},{\"@type\":\"Organization\",\"@id\":\"https:\/\/www.barbara-pilates.at\/#organization\",\"name\":\"Barbara Rath Pilates\",\"url\":\"https:\/\/www.barbara-pilates.at\/\",\"logo\":{\"@type\":\"ImageObject\",\"inLanguage\":\"en-US\",\"@id\":\"https:\/\/www.barbara-pilates.at\/#\/schema\/logo\/image\/\",\"url\":\"https:\/\/www.barbara-pilates.at\/wp-content\/uploads\/2020\/11\/LOGOblau.png\",\"contentUrl\":\"https:\/\/www.barbara-pilates.at\/wp-content\/uploads\/2020\/11\/LOGOblau.png\",\"width\":341,\"height\":185,\"caption\":\"Barbara Rath Pilates\"},\"image\":{\"@id\":\"https:\/\/www.barbara-pilates.at\/#\/schema\/logo\/image\/\"},\"sameAs\":[\"https:\/\/www.facebook.com\/100088042647412\/videos\/?_rdr\",\"https:\/\/www.instagram.com\/barbara_rath\/?hl=de\"]}]}<\/script>\n<!-- \/ Yoast SEO plugin. -->","yoast_head_json":{"title":"Haftungsausschluss - Barbara Rath","robots":{"index":"index","follow":"follow","max-snippet":"max-snippet:-1","max-image-preview":"max-image-preview:large","max-video-preview":"max-video-preview:-1"},"canonical":"https:\/\/www.barbara-pilates.at\/en\/haftungsausschluss\/","og_locale":"en_US","og_type":"article","og_title":"Haftungsausschluss - Barbara Rath","og_description":"Haftungsausschluss Datenschutz Wir m\u00f6chten Sie dar\u00fcber informieren, dass Ihre Daten, unter Beachtung der geltenden nationalen und europ\u00e4ischen Datenschutzvorschriften, zur Bearbeitung Ihrer Anfragen verarbeitet und genutzt werden. Barbara Rath wahrt die Vertraulichkeit Ihrer Daten und wird sie nicht verkaufen, vermieten oder Dritten verf\u00fcgbar machen. Internetdienste Unsere Webseiten enthalten auch Querverweise (LINKS) zu Webseiten anderer Anbieter. F\u00fcr &hellip; Continue reading \"Haftungsausschluss\"","og_url":"https:\/\/www.barbara-pilates.at\/en\/haftungsausschluss\/","og_site_name":"Barbara Rath","article_publisher":"https:\/\/www.facebook.com\/100088042647412\/videos\/?_rdr","article_modified_time":"2020-11-30T14:02:20+00:00","twitter_card":"summary_large_image","twitter_misc":{"Est. reading time":"1 minute"},"schema":{"@context":"https:\/\/schema.org","@graph":[{"@type":"WebPage","@id":"https:\/\/www.barbara-pilates.at\/haftungsausschluss\/","url":"https:\/\/www.barbara-pilates.at\/haftungsausschluss\/","name":"Haftungsausschluss - Barbara Rath","isPartOf":{"@id":"https:\/\/www.barbara-pilates.at\/#website"},"datePublished":"2020-04-26T17:03:48+00:00","dateModified":"2020-11-30T14:02:20+00:00","breadcrumb":{"@id":"https:\/\/www.barbara-pilates.at\/haftungsausschluss\/#breadcrumb"},"inLanguage":"en-US","potentialAction":[{"@type":"ReadAction","target":["https:\/\/www.barbara-pilates.at\/haftungsausschluss\/"]}]},{"@type":"BreadcrumbList","@id":"https:\/\/www.barbara-pilates.at\/haftungsausschluss\/#breadcrumb","itemListElement":[{"@type":"ListItem","position":1,"name":"Startseite","item":"https:\/\/www.barbara-pilates.at\/"},{"@type":"ListItem","position":2,"name":"Haftungsausschluss"}]},{"@type":"WebSite","@id":"https:\/\/www.barbara-pilates.at\/#website","url":"https:\/\/www.barbara-pilates.at\/","name":"Barbara Rath Pilates","description":"Pilates","publisher":{"@id":"https:\/\/www.barbara-pilates.at\/#organization"},"potentialAction":[{"@type":"SearchAction","target":{"@type":"EntryPoint","urlTemplate":"https:\/\/www.barbara-pilates.at\/?s={search_term_string}"},"query-input":{"@type":"PropertyValueSpecification","valueRequired":true,"valueName":"search_term_string"}}],"inLanguage":"en-US"},{"@type":"Organization","@id":"https:\/\/www.barbara-pilates.at\/#organization","name":"Barbara Rath Pilates","url":"https:\/\/www.barbara-pilates.at\/","logo":{"@type":"ImageObject","inLanguage":"en-US","@id":"https:\/\/www.barbara-pilates.at\/#\/schema\/logo\/image\/","url":"https:\/\/www.barbara-pilates.at\/wp-content\/uploads\/2020\/11\/LOGOblau.png","contentUrl":"https:\/\/www.barbara-pilates.at\/wp-content\/uploads\/2020\/11\/LOGOblau.png","width":341,"height":185,"caption":"Barbara Rath Pilates"},"image":{"@id":"https:\/\/www.barbara-pilates.at\/#\/schema\/logo\/image\/"},"sameAs":["https:\/\/www.facebook.com\/100088042647412\/videos\/?_rdr","https:\/\/www.instagram.com\/barbara_rath\/?hl=de"]}]}},"jetpack_sharing_enabled":true,"_links":{"self":[{"href":"https:\/\/www.barbara-pilates.at\/en\/wp-json\/wp\/v2\/pages\/368","targetHints":{"allow":["GET"]}}],"collection":[{"href":"https:\/\/www.barbara-pilates.at\/en\/wp-json\/wp\/v2\/pages"}],"about":[{"href":"https:\/\/www.barbara-pilates.at\/en\/wp-json\/wp\/v2\/types\/page"}],"author":[{"embeddable":true,"href":"https:\/\/www.barbara-pilates.at\/en\/wp-json\/wp\/v2\/users\/1"}],"replies":[{"embeddable":true,"href":"https:\/\/www.barbara-pilates.at\/en\/wp-json\/wp\/v2\/comments?post=368"}],"version-history":[{"count":8,"href":"https:\/\/www.barbara-pilates.at\/en\/wp-json\/wp\/v2\/pages\/368\/revisions"}],"predecessor-version":[{"id":780,"href":"https:\/\/www.barbara-pilates.at\/en\/wp-json\/wp\/v2\/pages\/368\/revisions\/780"}],"wp:attachment":[{"href":"https:\/\/www.barbara-pilates.at\/en\/wp-json\/wp\/v2\/media?parent=368"}],"curies":[{"name":"wp","href":"https:\/\/api.w.org\/{rel}","templated":true}]}}